{"id":7,"date":"2021-10-22T09:29:56","date_gmt":"2021-10-22T09:29:56","guid":{"rendered":"https:\/\/stoos.fakir.ch\/?page_id=7"},"modified":"2023-02-11T06:17:45","modified_gmt":"2023-02-11T06:17:45","slug":"kontakt","status":"publish","type":"page","link":"https:\/\/stoos.fakir.ch\/?page_id=7","title":{"rendered":"Kontakt und Anfrage"},"content":{"rendered":"\r\n<p><span style=\"font-size: 12pt;\"><strong>Kontakt und Anfrage<\/strong> f\u00fcr die Feuershow auf dem Stoos:<\/span><br \/><span class=\"text-space-pre-line rich-text-text\">Tel. +41 (0)41 818 08 08<br \/>E-Mail: <span style=\"font-size: 12pt;\">&lt;<\/span><\/span><span class=\"text-space-pre-line rich-text-text\">info@stoos.ch<span style=\"font-size: 12pt;\">&gt;<\/span><\/span><\/p>\r\n<p><span style=\"font-size: 12pt;\"><strong>Kontakt und Anfrage<\/strong> f\u00fcr die Feuershow an privaten Anl\u00e4ssen:<br \/>Beat B\u00fcrgler (Rodani) &lt;rodani@fakir.ch&gt;<br \/>+41 (0)79 302 60 23<\/span><\/p>\r\n","protected":false},"excerpt":{"rendered":"<p>Kontakt und Anfrage f\u00fcr die Feuershow auf dem Stoos:Tel. +41 (0)41 818 08 08E-Mail: &lt;info@stoos.ch&gt; Kontakt und Anfrage f\u00fcr die Feuershow an privaten Anl\u00e4ssen:Beat B\u00fcrgler (Rodani) &lt;rodani@fakir.ch&gt;+41 (0)79 302 60 23<\/p>\n","protected":false},"author":1,"featured_media":0,"parent":0,"menu_order":0,"comment_status":"closed","ping_status":"closed","template":"","meta":{"footnotes":""},"class_list":["post-7","page","type-page","status-publish","hentry"],"_links":{"self":[{"href":"https:\/\/stoos.fakir.ch\/index.php?rest_route=\/wp\/v2\/pages\/7","targetHints":{"allow":["GET"]}}],"collection":[{"href":"https:\/\/stoos.fakir.ch\/index.php?rest_route=\/wp\/v2\/pages"}],"about":[{"href":"https:\/\/stoos.fakir.ch\/index.php?rest_route=\/wp\/v2\/types\/page"}],"author":[{"embeddable":true,"href":"https:\/\/stoos.fakir.ch\/index.php?rest_route=\/wp\/v2\/users\/1"}],"replies":[{"embeddable":true,"href":"https:\/\/stoos.fakir.ch\/index.php?rest_route=%2Fwp%2Fv2%2Fcomments&post=7"}],"version-history":[{"count":8,"href":"https:\/\/stoos.fakir.ch\/index.php?rest_route=\/wp\/v2\/pages\/7\/revisions"}],"predecessor-version":[{"id":214,"href":"https:\/\/stoos.fakir.ch\/index.php?rest_route=\/wp\/v2\/pages\/7\/revisions\/214"}],"wp:attachment":[{"href":"https:\/\/stoos.fakir.ch\/index.php?rest_route=%2Fwp%2Fv2%2Fmedia&parent=7"}],"curies":[{"name":"wp","href":"https:\/\/api.w.org\/{rel}","templated":true}]}}